{"id":188,"date":"2017-10-26T13:08:14","date_gmt":"2017-10-26T13:08:14","guid":{"rendered":"https:\/\/carrozzeriabianchi.com\/privacy-cookies\/"},"modified":"2022-03-24T11:42:53","modified_gmt":"2022-03-24T11:42:53","slug":"privacy-impressum","status":"publish","type":"page","link":"https:\/\/carrozzeriabianchi.com\/de\/privacy-impressum\/","title":{"rendered":"Privacy"},"content":{"rendered":"\t\t<div data-elementor-type=\"wp-post\" data-elementor-id=\"188\" class=\"elementor elementor-188 elementor-185\">\n\t\t\t\t\t\t<section class=\"elementor-section elementor-top-section elementor-element elementor-element-k0ku4n6 elementor-section-boxed elementor-section-height-default elementor-section-height-default\" data-id=\"k0ku4n6\" data-element_type=\"section\" data-e-type=\"section\">\n\t\t\t\t\t\t<div class=\"elementor-container elementor-column-gap-default\">\n\t\t\t\t\t<div class=\"elementor-column elementor-col-100 elementor-top-column elementor-element elementor-element-imuzqdi\" data-id=\"imuzqdi\" data-element_type=\"column\" data-e-type=\"column\">\n\t\t\t<div class=\"elementor-widget-wrap elementor-element-populated\">\n\t\t\t\t\t\t<div class=\"elementor-element elementor-element-q71oy8q elementor-widget elementor-widget-heading\" data-id=\"q71oy8q\" data-element_type=\"widget\" data-e-type=\"widget\" data-widget_type=\"heading.default\">\n\t\t\t\t<div class=\"elementor-widget-container\">\n\t\t\t\t\t<h2 class=\"elementor-heading-title elementor-size-default\">Privacy<\/h2>\t\t\t\t<\/div>\n\t\t\t\t<\/div>\n\t\t\t\t<div class=\"elementor-element elementor-element-jk1ozil elementor-widget elementor-widget-heading\" data-id=\"jk1ozil\" data-element_type=\"widget\" data-e-type=\"widget\" data-widget_type=\"heading.default\">\n\t\t\t\t<div class=\"elementor-widget-container\">\n\t\t\t\t\t<p class=\"elementor-heading-title elementor-size-medium\"><strong>Der Inhaber der Datenverarbeitung ist:\nKAROSSERIE BIANCHI d. BRUNO BIANCHI, mit Sitz in 39044 NEUMARKT (BZ), HANDWERKERZONE NORD 25, in Person des gesetzlichen Vertreters Herr  Bruno Bianchi.<\/strong>\nDie KAROSSERIE BIANCHI d. BRUNO BIANCHI beh\u00e4lt sich das Recht vor, jederzeit \u00c4nderungen oder Erg\u00e4nzungen an diesem Aufkl\u00e4rungsschreiben vorzunehmen, vor allem aber im Falle einer Gesetztes\u00e4nderung oder neuer Regelungen in diesem Zusammenhang.<br><br>DATENSCHUTZBESTIMMUNGEN DER WEBSITE www.dibiasikg.it<br><br>Wir erl\u00e4utert auf dieser Seite, wie sie die Daten der Benutzer, die ihre Website besuchen, verarbeitet werden und wie die Cookies funktionieren, die auf dieser Website installiert werden.<br><br>Diese Datenschutzbestimmungen werden gem\u00e4\u00df Art. 13 DSGVO 2016\/679 (EU-Datenschutz- Grundverordnung, Verordnung der Europ\u00e4ischen Union, mit der die Regeln f\u00fcr die Verarbeitung von personenbezogenen Daten vereinheitlicht werden), der Empfehlung Nr. 2\/2001 der Arbeitsgruppe gem\u00e4\u00df Art. 29 und der allgemeinen Verf\u00fcgung der Datenschutzbeh\u00f6rde \u00fcber Cookies Nr. 229 vom 8. Mai 2014 erteilt.<br><br>Die folgenden Angaben gelten ausschlie\u00dflich f\u00fcr die Website www.dibiasikg.it. Der Verantwortliche f\u00fcr die Datenverarbeitung haftet nicht f\u00fcr die Daten und Cookies, die von Websites von Drittanbietern, die eventuell \u00fcber Links konsultiert werden, eingef\u00fcgt bzw. installiert werden.<br><br>Zweck der Datenverarbeitung und verpflichtende Angabe<br><br>Bruno Bianchi verarbeitet die Daten, die der Benutzer freiwillig mittels der auf der Website verf\u00fcgbaren Formulare (Kontakt, Newsletter abonnieren) angibt, ausschlie\u00dflich, um Ihre Anfrage zu beantworten. F\u00fcr weitere Zwecke (zum Beispiel, jedoch nicht ausschlie\u00dflich Marketing) bitten wir Sie ausdr\u00fccklich und unter Angabe des jeweiligen Grunds um Ihre ausdr\u00fcckliche, freiwillige und separate Einwilligung abgesehen von der Einwilligung, die Sie geben, um Ihre Anfragen zu beantworten.<br><br>Die Angabe der Daten und die Einwilligung in deren Verarbeitung sind notwendig, um Ihre Anfragen bearbeiten zu k\u00f6nnen. Die Einwilligung in die Verarbeitung zu weiteren Zwecken ist freiwillig.<br><br>Was die Daten betrifft, die unsere Website mittels der Installation von Cookies erhebt, wird dagegen auf den entsprechenden Bereich (\u201eCookies unserer Website\u201c) verwiesen.<br><br>Verarbeitungsmodalit\u00e4ten, automatische Entscheidungsprozesse und Aufbewahrungsfristen der Daten<br><br>Ihre Daten werden elektronisch verarbeitet, auch wenn potenzielle Verarbeitungen in Papierform nicht ausgeschlossen sind. Automatische Entscheidungsprozesse werden zur Verarbeitung Ihrer personenbezogenen Daten nicht herangezogen.<br><br>Die Sie betreffenden personenbezogenen Daten, die \u00fcber die Formulare auf unserer Website erhoben werden, werden f\u00fcr den Zeitraum aufbewahrt, der unbedingt notwendig ist, um Ihre Anfragen zu bearbeiten. M\u00fcssen die Daten gem\u00e4\u00df einer weiteren Rechtsvorschrift l\u00e4nger aufbewahrt werden, halten wir uns an die entsprechenden Vorgaben. Die \u00fcber Cookies erhobenen Daten werden f\u00fcr den Zeitraum aufbewahrt, der f\u00fcr jeden einzelnen Cookie angegeben ist.<br><br>Mitteilung, Verbreitung und Weitergabe von Daten an Drittl\u00e4nder oder internationale Organisationen<br><br>Ihre Daten werden ohne Ihre ausdr\u00fcckliche, freiwillige Einwilligung an Dritte, die nicht Bruno Bianchi sind, weder mitgeteilt noch weitergegeben. Die von Ihnen angegebenen Daten werden nicht in Drittl\u00e4nder oder an internationale Organisationen au\u00dferhalb der EU \u00fcbermittelt.<br><br>Rechte der betroffenen Person und Beschwerde bei der Datenschutzbeh\u00f6rde<br><br>Sie haben das Recht, von uns jederzeit den Zugang zu den Daten, die Sie betreffen, deren \u00c4nderung, Erg\u00e4nzung oder L\u00f6schung zu verlangen sowie bei berechtigten Gr\u00fcnden sich deren Verarbeitung zu widersetzen oder zu fordern, dass diese eingeschr\u00e4nkt wird. Zudem sind Sie berechtigt, die \u00dcbertragung der betreffenden Daten auf einen anderen Verantwortlichen zu verlangen. Wir beantworten Ihre Anfrage schriftlich innerhalb von 30 Tagen. Sie k\u00f6nnen die Einwilligungen, die Sie auf dieser Website gegeben haben, jederzeit widerrufen. Hierzu wenden Sie sich bitte an eine der im Abschnitt \u201eAngaben zum Verantwortlichen und zum etwaigen Datenschutzbeauftragten\u201c genannten Adressen. Sie haben zudem die M\u00f6glichkeit, eine Beschwerde bei der staatlichen Aufsichtsbeh\u00f6rde einzureichen, wenn Sie der Meinung sind, dass Ihre Daten widerrechtlich verarbeitet wurden.<br><br>Angaben zum Verantwortlichen.<br>Verantwortlich f\u00fcr die Verarbeitung ist Bruno Bianchi. Um die gem\u00e4\u00df den Rechtsvorschriften vorgesehenen und oben aufgef\u00fchrten Rechte in Anspruch zu nehmen, besteht die M\u00f6glichkeit, sich an den Verantwortlichen an dessen Sitz oder schriftlich unter der Adresse info@carrozzeriabianchi.com.\n<\/p>\t\t\t\t<\/div>\n\t\t\t\t<\/div>\n\t\t\t\t\t<\/div>\n\t\t<\/div>\n\t\t\t\t\t<\/div>\n\t\t<\/section>\n\t\t\t\t<section class=\"elementor-section elementor-top-section elementor-element elementor-element-f97agxy elementor-section-boxed elementor-section-height-default elementor-section-height-default\" data-id=\"f97agxy\" data-element_type=\"section\" data-e-type=\"section\">\n\t\t\t\t\t\t<div class=\"elementor-container elementor-column-gap-default\">\n\t\t\t\t\t<div class=\"elementor-column elementor-col-50 elementor-top-column elementor-element elementor-element-aad4si8\" data-id=\"aad4si8\" data-element_type=\"column\" data-e-type=\"column\">\n\t\t\t<div class=\"elementor-widget-wrap elementor-element-populated\">\n\t\t\t\t\t\t<div class=\"elementor-element elementor-element-4jkmv30 elementor-widget elementor-widget-heading\" data-id=\"4jkmv30\" data-element_type=\"widget\" data-e-type=\"widget\" data-widget_type=\"heading.default\">\n\t\t\t\t<div class=\"elementor-widget-container\">\n\t\t\t\t\t<h2 class=\"elementor-heading-title elementor-size-default\">Impressum<\/h2>\t\t\t\t<\/div>\n\t\t\t\t<\/div>\n\t\t\t\t<div class=\"elementor-element elementor-element-ogsfjc7 elementor-widget elementor-widget-heading\" data-id=\"ogsfjc7\" data-element_type=\"widget\" data-e-type=\"widget\" data-widget_type=\"heading.default\">\n\t\t\t\t<div class=\"elementor-widget-container\">\n\t\t\t\t\t<p class=\"elementor-heading-title elementor-size-medium\">\n\nResponsabile del sito<\/br>\nCarrozzeria Bianchi di Bruno<\/br><\/br>\n\nResponsabile di redazione<\/br>\nCarrozzeria Bianchi di Bruno<\/br><\/br>\n\nWebmaster<\/br>\nD4, visions \u2013 Diego Mutinelli<\/br><\/br>\n\nEsclusione di responsabilit\u00e0<\/br>\nPur effettuando un controllo accurato, decliniamo qualsiasi responsabilit\u00e0 per i contenuti di rimandi esterni. Tale responsabilit\u00e0 compete esclusivamente ai gestori delle pagine indicate.<\/br><\/br>\n\nDiritto d\u2019autore<\/br>\nQualsiasi utilizzo delle immagini e dei testi richiede l\u2019autorizzazione scritta di Alpentrans logistics Sas o degli autori stessi degli articoli o delle fotografie ed \u00e8 ammesso soltanto con l\u2019indicazione dei dati relativi al diritto d\u2019autore.<\/br><\/br>\n\nIndirizzo di posta elettronica certificata<\/br>\nBRUNO.BIANCHI@PEC.ROLMAIL.NET<\/br>\n\nErkennungscode elektronische Rechnung: W7YVJK9\n<\/p>\t\t\t\t<\/div>\n\t\t\t\t<\/div>\n\t\t\t\t\t<\/div>\n\t\t<\/div>\n\t\t\t\t<div class=\"elementor-column elementor-col-50 elementor-top-column elementor-element elementor-element-bbn89oa\" data-id=\"bbn89oa\" data-element_type=\"column\" data-e-type=\"column\">\n\t\t\t<div class=\"elementor-widget-wrap\">\n\t\t\t\t\t\t\t<\/div>\n\t\t<\/div>\n\t\t\t\t\t<\/div>\n\t\t<\/section>\n\t\t\t\t<\/div>\n\t\t","protected":false},"excerpt":{"rendered":"<p>Privacy Der Inhaber der Datenverarbeitung ist: KAROSSERIE BIANCHI d. BRUNO  [&#8230;]<\/p>\n","protected":false},"author":1,"featured_media":0,"parent":0,"menu_order":0,"comment_status":"closed","ping_status":"closed","template":"","meta":{"footnotes":""},"class_list":["post-188","page","type-page","status-publish","hentry"],"yoast_head":"<!-- This site is optimized with the Yoast SEO plugin v27.2 - https:\/\/yoast.com\/product\/yoast-seo-wordpress\/ -->\n<title>Privacy - Carrozzeria Bianchi<\/title>\n<meta name=\"robots\" content=\"index, follow, max-snippet:-1, max-image-preview:large, max-video-preview:-1\" \/>\n<link rel=\"canonical\" href=\"https:\/\/carrozzeriabianchi.com\/de\/privacy-impressum\/\" \/>\n<meta property=\"og:locale\" content=\"de_DE\" \/>\n<meta property=\"og:type\" content=\"article\" \/>\n<meta property=\"og:title\" content=\"Privacy - Carrozzeria Bianchi\" \/>\n<meta property=\"og:description\" content=\"Privacy Der Inhaber der Datenverarbeitung ist: KAROSSERIE BIANCHI d. BRUNO [...]\" \/>\n<meta property=\"og:url\" content=\"https:\/\/carrozzeriabianchi.com\/de\/privacy-impressum\/\" \/>\n<meta property=\"og:site_name\" content=\"Carrozzeria Bianchi\" \/>\n<meta property=\"article:modified_time\" content=\"2022-03-24T11:42:53+00:00\" \/>\n<meta name=\"twitter:card\" content=\"summary_large_image\" \/>\n<meta name=\"twitter:label1\" content=\"Gesch\u00e4tzte Lesezeit\" \/>\n\t<meta name=\"twitter:data1\" content=\"4\u00a0Minuten\" \/>\n<script type=\"application\/ld+json\" class=\"yoast-schema-graph\">{\"@context\":\"https:\/\/schema.org\",\"@graph\":[{\"@type\":\"WebPage\",\"@id\":\"https:\/\/carrozzeriabianchi.com\/de\/privacy-impressum\/\",\"url\":\"https:\/\/carrozzeriabianchi.com\/de\/privacy-impressum\/\",\"name\":\"Privacy - Carrozzeria Bianchi\",\"isPartOf\":{\"@id\":\"https:\/\/carrozzeriabianchi.com\/de\/#website\"},\"datePublished\":\"2017-10-26T13:08:14+00:00\",\"dateModified\":\"2022-03-24T11:42:53+00:00\",\"breadcrumb\":{\"@id\":\"https:\/\/carrozzeriabianchi.com\/de\/privacy-impressum\/#breadcrumb\"},\"inLanguage\":\"de\",\"potentialAction\":[{\"@type\":\"ReadAction\",\"target\":[\"https:\/\/carrozzeriabianchi.com\/de\/privacy-impressum\/\"]}]},{\"@type\":\"BreadcrumbList\",\"@id\":\"https:\/\/carrozzeriabianchi.com\/de\/privacy-impressum\/#breadcrumb\",\"itemListElement\":[{\"@type\":\"ListItem\",\"position\":1,\"name\":\"Home\",\"item\":\"https:\/\/carrozzeriabianchi.com\/de\/\"},{\"@type\":\"ListItem\",\"position\":2,\"name\":\"Privacy\"}]},{\"@type\":\"WebSite\",\"@id\":\"https:\/\/carrozzeriabianchi.com\/de\/#website\",\"url\":\"https:\/\/carrozzeriabianchi.com\/de\/\",\"name\":\"Carrozzeria Bianchi\",\"description\":\"since 1978\",\"potentialAction\":[{\"@type\":\"SearchAction\",\"target\":{\"@type\":\"EntryPoint\",\"urlTemplate\":\"https:\/\/carrozzeriabianchi.com\/de\/?s={search_term_string}\"},\"query-input\":{\"@type\":\"PropertyValueSpecification\",\"valueRequired\":true,\"valueName\":\"search_term_string\"}}],\"inLanguage\":\"de\"}]}<\/script>\n<!-- \/ Yoast SEO plugin. -->","yoast_head_json":{"title":"Privacy - Carrozzeria Bianchi","robots":{"index":"index","follow":"follow","max-snippet":"max-snippet:-1","max-image-preview":"max-image-preview:large","max-video-preview":"max-video-preview:-1"},"canonical":"https:\/\/carrozzeriabianchi.com\/de\/privacy-impressum\/","og_locale":"de_DE","og_type":"article","og_title":"Privacy - Carrozzeria Bianchi","og_description":"Privacy Der Inhaber der Datenverarbeitung ist: KAROSSERIE BIANCHI d. BRUNO [...]","og_url":"https:\/\/carrozzeriabianchi.com\/de\/privacy-impressum\/","og_site_name":"Carrozzeria Bianchi","article_modified_time":"2022-03-24T11:42:53+00:00","twitter_card":"summary_large_image","twitter_misc":{"Gesch\u00e4tzte Lesezeit":"4\u00a0Minuten"},"schema":{"@context":"https:\/\/schema.org","@graph":[{"@type":"WebPage","@id":"https:\/\/carrozzeriabianchi.com\/de\/privacy-impressum\/","url":"https:\/\/carrozzeriabianchi.com\/de\/privacy-impressum\/","name":"Privacy - Carrozzeria Bianchi","isPartOf":{"@id":"https:\/\/carrozzeriabianchi.com\/de\/#website"},"datePublished":"2017-10-26T13:08:14+00:00","dateModified":"2022-03-24T11:42:53+00:00","breadcrumb":{"@id":"https:\/\/carrozzeriabianchi.com\/de\/privacy-impressum\/#breadcrumb"},"inLanguage":"de","potentialAction":[{"@type":"ReadAction","target":["https:\/\/carrozzeriabianchi.com\/de\/privacy-impressum\/"]}]},{"@type":"BreadcrumbList","@id":"https:\/\/carrozzeriabianchi.com\/de\/privacy-impressum\/#breadcrumb","itemListElement":[{"@type":"ListItem","position":1,"name":"Home","item":"https:\/\/carrozzeriabianchi.com\/de\/"},{"@type":"ListItem","position":2,"name":"Privacy"}]},{"@type":"WebSite","@id":"https:\/\/carrozzeriabianchi.com\/de\/#website","url":"https:\/\/carrozzeriabianchi.com\/de\/","name":"Carrozzeria Bianchi","description":"since 1978","potentialAction":[{"@type":"SearchAction","target":{"@type":"EntryPoint","urlTemplate":"https:\/\/carrozzeriabianchi.com\/de\/?s={search_term_string}"},"query-input":{"@type":"PropertyValueSpecification","valueRequired":true,"valueName":"search_term_string"}}],"inLanguage":"de"}]}},"_links":{"self":[{"href":"https:\/\/carrozzeriabianchi.com\/de\/wp-json\/wp\/v2\/pages\/188","targetHints":{"allow":["GET"]}}],"collection":[{"href":"https:\/\/carrozzeriabianchi.com\/de\/wp-json\/wp\/v2\/pages"}],"about":[{"href":"https:\/\/carrozzeriabianchi.com\/de\/wp-json\/wp\/v2\/types\/page"}],"author":[{"embeddable":true,"href":"https:\/\/carrozzeriabianchi.com\/de\/wp-json\/wp\/v2\/users\/1"}],"replies":[{"embeddable":true,"href":"https:\/\/carrozzeriabianchi.com\/de\/wp-json\/wp\/v2\/comments?post=188"}],"version-history":[{"count":19,"href":"https:\/\/carrozzeriabianchi.com\/de\/wp-json\/wp\/v2\/pages\/188\/revisions"}],"predecessor-version":[{"id":300,"href":"https:\/\/carrozzeriabianchi.com\/de\/wp-json\/wp\/v2\/pages\/188\/revisions\/300"}],"wp:attachment":[{"href":"https:\/\/carrozzeriabianchi.com\/de\/wp-json\/wp\/v2\/media?parent=188"}],"curies":[{"name":"wp","href":"https:\/\/api.w.org\/{rel}","templated":true}]}}